{"id":1610,"date":"2025-02-24T19:56:19","date_gmt":"2025-02-24T17:56:19","guid":{"rendered":"https:\/\/berzciemagardums.lv\/?post_type=product&#038;p=1610"},"modified":"2025-02-28T13:25:11","modified_gmt":"2025-02-28T11:25:11","slug":"zagarini","status":"publish","type":"product","link":"https:\/\/berzciemagardums.lv\/?product=zagarini","title":{"rendered":"\u017dagari\u0146i"},"content":{"rendered":"<p data-start=\"41\" data-end=\"103\"><strong data-start=\"41\" data-end=\"54\">Produkts:<\/strong> B\u0113rzciema Gardums \u2013 \u017dagari\u0146i ar B\u0113rn\u012bbas Gar\u0161u<\/p>\n<p data-start=\"105\" data-end=\"123\"><strong data-start=\"105\" data-end=\"121\">Sast\u0101vda\u013cas:<\/strong><\/p>\n<ul data-start=\"124\" data-end=\"194\">\n<li data-start=\"124\" data-end=\"140\">Kvie\u0161u milti<\/li>\n<li data-start=\"141\" data-end=\"152\">Kr\u0113jums<\/li>\n<li data-start=\"153\" data-end=\"163\">Cukurs<\/li>\n<li data-start=\"164\" data-end=\"172\">Olas<\/li>\n<li data-start=\"173\" data-end=\"181\">Soda<\/li>\n<li data-start=\"182\" data-end=\"194\">Vanil\u012bns<\/li>\n<\/ul>\n<p data-start=\"196\" data-end=\"211\"><strong data-start=\"196\" data-end=\"209\">Alerg\u0113ni:<\/strong><\/p>\n<ul data-start=\"212\" data-end=\"294\">\n<li data-start=\"212\" data-end=\"245\">Graudaugi (kas satur lipekli)<\/li>\n<li data-start=\"246\" data-end=\"270\">Piens un t\u0101 produkti<\/li>\n<li data-start=\"271\" data-end=\"294\">Olas un to produkti<\/li>\n<\/ul>\n<p data-start=\"296\" data-end=\"378\" data-is-last-node=\"\" data-is-only-node=\"\"><strong data-start=\"296\" data-end=\"312\">Uzglab\u0101\u0161ana: <\/strong>Uzglab\u0101t saus\u0101, v\u0113s\u0101 viet\u0101. Pasarg\u0101t no tie\u0161iem saules stariem.<\/p>\n<p data-start=\"296\" data-end=\"378\" data-is-last-node=\"\" data-is-only-node=\"\"><strong data-start=\"423\" data-end=\"444\">Der\u012bguma termi\u0146\u0161:<\/strong> 60 dienas.<\/p>\n","protected":false},"excerpt":{"rendered":"[wpforms id=\"235\"]\n","protected":false},"featured_media":1462,"template":"","meta":{"spay_email":""},"product_brand":[],"product_cat":[18],"product_tag":[],"class_list":{"0":"post-1610","1":"product","2":"type-product","3":"status-publish","4":"has-post-thumbnail","6":"product_cat-uncategorized","8":"first","9":"instock","10":"shipping-taxable","11":"purchasable","12":"product-type-simple"},"_links":{"self":[{"href":"https:\/\/berzciemagardums.lv\/index.php?rest_route=\/wp\/v2\/product\/1610","targetHints":{"allow":["GET"]}}],"collection":[{"href":"https:\/\/berzciemagardums.lv\/index.php?rest_route=\/wp\/v2\/product"}],"about":[{"href":"https:\/\/berzciemagardums.lv\/index.php?rest_route=\/wp\/v2\/types\/product"}],"version-history":[{"count":7,"href":"https:\/\/berzciemagardums.lv\/index.php?rest_route=\/wp\/v2\/product\/1610\/revisions"}],"predecessor-version":[{"id":1613,"href":"https:\/\/berzciemagardums.lv\/index.php?rest_route=\/wp\/v2\/product\/1610\/revisions\/1613"}],"wp:featuredmedia":[{"embeddable":true,"href":"https:\/\/berzciemagardums.lv\/index.php?rest_route=\/wp\/v2\/media\/1462"}],"wp:attachment":[{"href":"https:\/\/berzciemagardums.lv\/index.php?rest_route=%2Fwp%2Fv2%2Fmedia&parent=1610"}],"wp:term":[{"taxonomy":"product_brand","embeddable":true,"href":"https:\/\/berzciemagardums.lv\/index.php?rest_route=%2Fwp%2Fv2%2Fproduct_brand&post=1610"},{"taxonomy":"product_cat","embeddable":true,"href":"https:\/\/berzciemagardums.lv\/index.php?rest_route=%2Fwp%2Fv2%2Fproduct_cat&post=1610"},{"taxonomy":"product_tag","embeddable":true,"href":"https:\/\/berzciemagardums.lv\/index.php?rest_route=%2Fwp%2Fv2%2Fproduct_tag&post=1610"}],"curies":[{"name":"wp","href":"https:\/\/api.w.org\/{rel}","templated":true}]}}