{"id":1598,"date":"2025-02-24T19:40:11","date_gmt":"2025-02-24T17:40:11","guid":{"rendered":"https:\/\/berzciemagardums.lv\/?post_type=product&#038;p=1598"},"modified":"2025-02-28T13:26:30","modified_gmt":"2025-02-28T11:26:30","slug":"riekstini","status":"publish","type":"product","link":"https:\/\/berzciemagardums.lv\/?product=riekstini","title":{"rendered":"Rieksti\u0146i"},"content":{"rendered":"<p data-start=\"41\" data-end=\"104\"><strong data-start=\"41\" data-end=\"54\">Produkts:<\/strong> B\u0113rzciema Gardums \u2013 Rieksti\u0146i ar B\u0113rn\u012bbas Gar\u0161u<\/p>\n<p data-start=\"106\" data-end=\"124\"><strong data-start=\"106\" data-end=\"122\">Sast\u0101vda\u013cas:<\/strong><\/p>\n<ul data-start=\"125\" data-end=\"235\">\n<li data-start=\"125\" data-end=\"155\">V\u0101r\u012bts iebiezin\u0101tais piens<\/li>\n<li data-start=\"156\" data-end=\"172\">Kvie\u0161u milti<\/li>\n<li data-start=\"173\" data-end=\"184\">Sviests<\/li>\n<li data-start=\"185\" data-end=\"195\">Cukurs<\/li>\n<li data-start=\"196\" data-end=\"204\">Olas<\/li>\n<li data-start=\"205\" data-end=\"213\">S\u0101ls<\/li>\n<li data-start=\"214\" data-end=\"222\">Soda<\/li>\n<li data-start=\"223\" data-end=\"235\">Vanil\u012bns<\/li>\n<\/ul>\n<p data-start=\"237\" data-end=\"252\"><strong data-start=\"237\" data-end=\"250\">Alerg\u0113ni:<\/strong><\/p>\n<ul data-start=\"253\" data-end=\"335\">\n<li data-start=\"253\" data-end=\"286\">Graudaugi (kas satur lipekli)<\/li>\n<li data-start=\"287\" data-end=\"311\">Piens un t\u0101 produkti<\/li>\n<li data-start=\"312\" data-end=\"335\">Olas un to produkti<\/li>\n<\/ul>\n<p data-start=\"337\" data-end=\"421\"><strong data-start=\"337\" data-end=\"353\">Uzglab\u0101\u0161ana: <\/strong>Uzglab\u0101t saus\u0101, v\u0113s\u0101 viet\u0101. Pasarg\u0101t no tie\u0161iem saules stariem.<\/p>\n<p data-start=\"423\" data-end=\"455\" data-is-last-node=\"\" data-is-only-node=\"\"><strong data-start=\"423\" data-end=\"444\">Der\u012bguma termi\u0146\u0161:<\/strong> 60 dienas.<\/p>\n","protected":false},"excerpt":{"rendered":"<p>Produkts: B\u0113rzciema Gardums \u2013 Rieksti\u0146i ar B\u0113rn\u012bbas Gar\u0161u Sast\u0101vda\u013cas: V\u0101r\u012bts iebiezin\u0101tais piens Kvie\u0161u milti Sviests Cukurs Olas S\u0101ls Soda Vanil\u012bns Alerg\u0113ni: Graudaugi (kas satur lipekli) Piens un t\u0101 produkti Olas un to produkti Uzglab\u0101\u0161ana: Uzglab\u0101t saus\u0101, v\u0113s\u0101 viet\u0101. Pasarg\u0101t no tie\u0161iem saules stariem. Der\u012bguma termi\u0146\u0161: 60 dienas.<\/p>\n","protected":false},"featured_media":860,"template":"","meta":{"spay_email":""},"product_brand":[],"product_cat":[18],"product_tag":[],"class_list":{"0":"post-1598","1":"product","2":"type-product","3":"status-publish","4":"has-post-thumbnail","6":"product_cat-uncategorized","8":"first","9":"instock","10":"shipping-taxable","11":"purchasable","12":"product-type-simple"},"_links":{"self":[{"href":"https:\/\/berzciemagardums.lv\/index.php?rest_route=\/wp\/v2\/product\/1598","targetHints":{"allow":["GET"]}}],"collection":[{"href":"https:\/\/berzciemagardums.lv\/index.php?rest_route=\/wp\/v2\/product"}],"about":[{"href":"https:\/\/berzciemagardums.lv\/index.php?rest_route=\/wp\/v2\/types\/product"}],"version-history":[{"count":3,"href":"https:\/\/berzciemagardums.lv\/index.php?rest_route=\/wp\/v2\/product\/1598\/revisions"}],"predecessor-version":[{"id":1630,"href":"https:\/\/berzciemagardums.lv\/index.php?rest_route=\/wp\/v2\/product\/1598\/revisions\/1630"}],"wp:featuredmedia":[{"embeddable":true,"href":"https:\/\/berzciemagardums.lv\/index.php?rest_route=\/wp\/v2\/media\/860"}],"wp:attachment":[{"href":"https:\/\/berzciemagardums.lv\/index.php?rest_route=%2Fwp%2Fv2%2Fmedia&parent=1598"}],"wp:term":[{"taxonomy":"product_brand","embeddable":true,"href":"https:\/\/berzciemagardums.lv\/index.php?rest_route=%2Fwp%2Fv2%2Fproduct_brand&post=1598"},{"taxonomy":"product_cat","embeddable":true,"href":"https:\/\/berzciemagardums.lv\/index.php?rest_route=%2Fwp%2Fv2%2Fproduct_cat&post=1598"},{"taxonomy":"product_tag","embeddable":true,"href":"https:\/\/berzciemagardums.lv\/index.php?rest_route=%2Fwp%2Fv2%2Fproduct_tag&post=1598"}],"curies":[{"name":"wp","href":"https:\/\/api.w.org\/{rel}","templated":true}]}}