{"id":1566,"date":"2025-02-24T18:35:02","date_gmt":"2025-02-24T16:35:02","guid":{"rendered":"https:\/\/berzciemagardums.lv\/?post_type=product&#038;p=1566"},"modified":"2025-02-28T13:27:26","modified_gmt":"2025-02-28T11:27:26","slug":"siera-kraukski","status":"publish","type":"product","link":"https:\/\/berzciemagardums.lv\/?product=siera-kraukski","title":{"rendered":"Siera Krauk\u0161\u0137i"},"content":{"rendered":"<p data-start=\"41\" data-end=\"91\"><strong data-start=\"41\" data-end=\"54\">Produkts:<\/strong> B\u0113rzciema Gardums \u2013 Siera Krauk\u0161\u0137i<\/p>\n<p data-start=\"93\" data-end=\"111\"><strong data-start=\"93\" data-end=\"109\">Sast\u0101vda\u013cas:<\/strong><\/p>\n<ul data-start=\"112\" data-end=\"180\">\n<li data-start=\"112\" data-end=\"121\">Siers<\/li>\n<li data-start=\"122\" data-end=\"133\">Sviests<\/li>\n<li data-start=\"134\" data-end=\"145\">Kr\u0113jums<\/li>\n<li data-start=\"146\" data-end=\"162\">Kvie\u0161u milti<\/li>\n<li data-start=\"163\" data-end=\"171\">Soda<\/li>\n<li data-start=\"172\" data-end=\"180\">S\u0101ls<\/li>\n<\/ul>\n<p data-start=\"182\" data-end=\"197\"><strong data-start=\"182\" data-end=\"195\">Alerg\u0113ni:<\/strong><\/p>\n<ul data-start=\"198\" data-end=\"280\">\n<li data-start=\"198\" data-end=\"231\">Graudaugi (kas satur lipekli)<\/li>\n<li data-start=\"232\" data-end=\"256\">Piens un t\u0101 produkti<\/li>\n<li data-start=\"257\" data-end=\"280\">Olas un to produkti<\/li>\n<\/ul>\n<p data-start=\"282\" data-end=\"364\" data-is-last-node=\"\" data-is-only-node=\"\"><strong data-start=\"282\" data-end=\"298\">Uzglab\u0101\u0161ana: <\/strong>Uzglab\u0101t saus\u0101, v\u0113s\u0101 viet\u0101. Pasarg\u0101t no tie\u0161iem saules stariem.<\/p>\n<p data-start=\"282\" data-end=\"364\" data-is-last-node=\"\" data-is-only-node=\"\"><strong data-start=\"423\" data-end=\"444\">Der\u012bguma termi\u0146\u0161:<\/strong> 60 dienas.<\/p>\n","protected":false},"excerpt":{"rendered":"<p>Produkts: B\u0113rzciema Gardums \u2013 Siera Krauk\u0161\u0137i Sast\u0101vda\u013cas: Siers Sviests Kr\u0113jums Kvie\u0161u milti Soda S\u0101ls Alerg\u0113ni: Graudaugi (kas satur lipekli) Piens un t\u0101 produkti Olas un to produkti Uzglab\u0101\u0161ana: Uzglab\u0101t saus\u0101, v\u0113s\u0101 viet\u0101. Pasarg\u0101t no tie\u0161iem saules stariem. Der\u012bguma termi\u0146\u0161: 60 dienas.<\/p>\n","protected":false},"featured_media":1463,"template":"","meta":{"spay_email":""},"product_brand":[],"product_cat":[18],"product_tag":[],"class_list":{"0":"post-1566","1":"product","2":"type-product","3":"status-publish","4":"has-post-thumbnail","6":"product_cat-uncategorized","8":"first","9":"instock","10":"shipping-taxable","11":"purchasable","12":"product-type-simple"},"_links":{"self":[{"href":"https:\/\/berzciemagardums.lv\/index.php?rest_route=\/wp\/v2\/product\/1566","targetHints":{"allow":["GET"]}}],"collection":[{"href":"https:\/\/berzciemagardums.lv\/index.php?rest_route=\/wp\/v2\/product"}],"about":[{"href":"https:\/\/berzciemagardums.lv\/index.php?rest_route=\/wp\/v2\/types\/product"}],"version-history":[{"count":6,"href":"https:\/\/berzciemagardums.lv\/index.php?rest_route=\/wp\/v2\/product\/1566\/revisions"}],"predecessor-version":[{"id":1633,"href":"https:\/\/berzciemagardums.lv\/index.php?rest_route=\/wp\/v2\/product\/1566\/revisions\/1633"}],"wp:featuredmedia":[{"embeddable":true,"href":"https:\/\/berzciemagardums.lv\/index.php?rest_route=\/wp\/v2\/media\/1463"}],"wp:attachment":[{"href":"https:\/\/berzciemagardums.lv\/index.php?rest_route=%2Fwp%2Fv2%2Fmedia&parent=1566"}],"wp:term":[{"taxonomy":"product_brand","embeddable":true,"href":"https:\/\/berzciemagardums.lv\/index.php?rest_route=%2Fwp%2Fv2%2Fproduct_brand&post=1566"},{"taxonomy":"product_cat","embeddable":true,"href":"https:\/\/berzciemagardums.lv\/index.php?rest_route=%2Fwp%2Fv2%2Fproduct_cat&post=1566"},{"taxonomy":"product_tag","embeddable":true,"href":"https:\/\/berzciemagardums.lv\/index.php?rest_route=%2Fwp%2Fv2%2Fproduct_tag&post=1566"}],"curies":[{"name":"wp","href":"https:\/\/api.w.org\/{rel}","templated":true}]}}